{"id":365,"date":"2023-04-02T17:48:32","date_gmt":"2023-04-02T20:48:32","guid":{"rendered":"https:\/\/desejosintensos.com\/?page_id=365"},"modified":"2023-04-02T17:48:33","modified_gmt":"2023-04-02T20:48:33","slug":"termos-e-condicoes","status":"publish","type":"page","link":"https:\/\/desejosintensos.com\/index.php\/termos-e-condicoes\/","title":{"rendered":"Termos e Condi\u00e7\u00f5es"},"content":{"rendered":"\n<p>Seja bem-vindo ao nosso site. Leia com aten\u00e7\u00e3o todos os termos abaixo.<\/p>\n\n\n\n<p>Este documento, e todo o conte\u00fado do site \u00e9 oferecido por\u00a0<strong>Desejos Intensos,<\/strong> neste termo representado apenas por \u201cDI\u201d, que regulamenta todos os direitos e obriga\u00e7\u00f5es com todos que acessam o site, denominado neste termo como \u201cVISITANTE\u201d, resguardado todos os direitos previstos na legisla\u00e7\u00e3o, trazem as cl\u00e1usulas abaixo como requisito para acesso e visita do mesmo, situado no endere\u00e7o\u00a0<strong>desejosintensos.com.<\/strong><\/p>\n\n\n\n<p>A perman\u00eancia no website implica-se automaticamente na leitura e aceita\u00e7\u00e3o t\u00e1cita do presente termos de uso a seguir. Este termo foi atualizado pela \u00faltima vez em 04 de abril de 2023.<\/p>\n\n\n\n<h3 class=\"wp-block-heading\" id=\"h-1-da-funcao-do-site\"><strong>1. DA FUN\u00c7\u00c3O DO SITE<\/strong><\/h3>\n\n\n\n<p>Este site foi criado e desenvolvido com a fun\u00e7\u00e3o de trazer produtos liter\u00e1rios, audiovisuais e cultural da comunidade de conte\u00fados para o p\u00fablico adulto em conformidade coma legisla\u00e7\u00e3o vigente. A DI busca atrav\u00e9s da cria\u00e7\u00e3o de conte\u00fado de alta qualidade, curadoria das obras enviadas para publica\u00e7\u00e3o, assim como a divulga\u00e7\u00e3o dos pr\u00f3prios servi\u00e7os dentro dos limites da legisla\u00e7\u00e3o.<\/p>\n\n\n\n<p>Nesta plataforma, poder\u00e1 ser realizado tanto a divulga\u00e7\u00e3o de material original de alta qualidade, assim como a divulga\u00e7\u00e3o de obras que passem por nossa curadoria.<\/p>\n\n\n\n<p>Todo o conte\u00fado presente neste site foi desenvolvido buscando fontes com total sigilo e respeito a legisla\u00e7\u00e3o, assim como s\u00e3o baseados nos par\u00e2metros que a equipe editorial determina como qualificadores necess\u00e1rios para o melhor est\u00edmulo \u00e0s fantasias e desejos.<\/p>\n\n\n\n<p>Todo o conte\u00fado \u00e9 atualizado periodicamente, por\u00e9m, pode conter em algum artigo, v\u00eddeo ou imagem, alguma informa\u00e7\u00e3o que n\u00e3o reflita a verdade atual, n\u00e3o podendo a DI ser responsabilizada de nenhuma forma ou meio por qualquer conte\u00fado que n\u00e3o esteja devidamente atualizado.<\/p>\n\n\n\n<p>\u00c9 de responsabilidade do usu\u00e1rio de usar todas as informa\u00e7\u00f5es presentes no site com senso cr\u00edtico, utilizando apenas como fonte de informa\u00e7\u00e3o, e sempre buscando especialistas da \u00e1rea para a solu\u00e7\u00e3o concreta do seu conflito.<\/p>\n\n\n\n<h3 class=\"wp-block-heading\" id=\"h-2-do-aceite-dos-termos\">2.\u00a0<strong>DO ACEITE DOS TERMOS<\/strong><\/h3>\n\n\n\n<p>Este termo especifica e exige que todo usu\u00e1rio ao acessar o site da DI, leia e compreenda todas as cl\u00e1usulas do mesmo, visto que ele estabelece entre a DI e o VISITANTE direitos e obriga\u00e7\u00f5es entre ambas as partes, aceitos expressamente pelo VISITANTE a permanecer navegando no site da DI.<\/p>\n\n\n\n<p>Ao continuar acessando o site, o VISITANTE expressa que aceita e entende todas as cl\u00e1usulas, assim como concorda integralmente com cada uma delas, sendo este aceite imprescind\u00edvel para a perman\u00eancia na mesma. Caso o VISITANTE discorde de alguma cl\u00e1usula ou termo deste contrato, o mesmo deve imediatamente interromper sua navega\u00e7\u00e3o de todas as formas e meios.<\/p>\n\n\n\n<p>Este termo pode e ir\u00e1 ser atualizado periodicamente pela DI, que se resguarda no direito de altera\u00e7\u00e3o, sem qualquer tipo de aviso pr\u00e9vio e comunica\u00e7\u00e3o. \u00c9 importante que o VISITANTE confira sempre se houve movimenta\u00e7\u00e3o e qual foi a \u00faltima atualiza\u00e7\u00e3o do mesmo no come\u00e7o da p\u00e1gina.<\/p>\n\n\n\n<h3 class=\"wp-block-heading\" id=\"h-3-do-glossario\"><strong>3. DO GLOSS\u00c1RIO<\/strong><\/h3>\n\n\n\n<p>Este termo pode conter algumas palavras espec\u00edficas que podem n\u00e3o se de conhecimento geral. Entre elas:<\/p>\n\n\n\n<ul class=\"wp-block-list\">\n<li><strong>VISITANTE:&nbsp;<\/strong>Todo e qualquer usu\u00e1rio do site, de qualquer forma e meio, que acesse atrav\u00e9s de computador, notebook, tablet, celular ou quaisquer outros meios, o website ou plataforma da empresa.<\/li>\n\n\n\n<li><strong>NAVEGA\u00c7\u00c3O:&nbsp;<\/strong>O ato de visitar p\u00e1ginas e conte\u00fado do website ou plataforma da empresa.<\/li>\n\n\n\n<li><strong>COOKIES:<\/strong>&nbsp;Pequenos arquivos de textos gerados automaticamente pelo site e transmitido para o navegador do visitante, que servem para melhorar a usabilidade do visitante.<\/li>\n\n\n\n<li><strong>LOGIN:<\/strong>&nbsp;Dados de acesso do visitante ao realizar o cadastro junto a EMPRESA, dividido entre usu\u00e1rio e senha, que d\u00e1 acesso a fun\u00e7\u00f5es restritas do site.<\/li>\n\n\n\n<li><strong>HIPERLINKS:&nbsp;<\/strong>S\u00e3o links clic\u00e1veis que podem aparecer pelo site ou no conte\u00fado, que levam para outra p\u00e1gina da EMPRESA ou site externo.<\/li>\n\n\n\n<li><strong>OFFLINE:<\/strong>&nbsp;Quando o site ou plataforma se encontra indispon\u00edvel, n\u00e3o podendo ser acessado externamente por nenhum usu\u00e1rio.<\/li>\n<\/ul>\n\n\n\n<p>Em caso de d\u00favidas sobre qualquer palavra utilizada neste termo, o VISITANTE dever\u00e1 entrar em contato com a DI atrav\u00e9s dos canais de comunica\u00e7\u00e3o encontradas no site.<\/p>\n\n\n\n<h3 class=\"wp-block-heading\" id=\"h-4-do-acesso-ao-site\">4<strong>. DO ACESSO AO SITE<\/strong><\/h3>\n\n\n\n<p>O Site e plataforma funcionam normalmente 24 (vinte e quatro) horas por dia, por\u00e9m podem ocorrer pequenas interrup\u00e7\u00f5es de forma tempor\u00e1ria para ajustes, manuten\u00e7\u00e3o, mudan\u00e7a de servidores, falhas t\u00e9cnicas ou por ordem de for\u00e7a maior, que podem deixar o site indispon\u00edvel por tempo limitado.<\/p>\n\n\n\n<p>A DI n\u00e3o se responsabiliza por nenhuma perda de oportunidade ou preju\u00edzos que esta indisponibilidade tempor\u00e1ria possa gerar aos usu\u00e1rios.<\/p>\n\n\n\n<p>Em caso de manuten\u00e7\u00e3o que exigirem um tempo maior, a DI ir\u00e1 informar previamente aos clientes da necessidade e do tempo previsto em que o site ou plataforma ficar\u00e1 offline.<\/p>\n\n\n\n<p><strong>O acesso ao site s\u00f3 \u00e9 permitido a maiores de 18 anos de idade.<\/strong><\/p>\n\n\n\n<p>Caso seja necess\u00e1rio realizar um cadastro junto a plataforma, onde o VISITANTE dever\u00e1 preencher um formul\u00e1rio com seus dados e informa\u00e7\u00f5es e para ter acesso a alguma parte restrita.<\/p>\n\n\n\n<p>Todos os dados est\u00e3o protegidos conforme a Lei Geral de Prote\u00e7\u00e3o de Dados, e ao realizar o cadastro junto ao site, o VISITANTE concorda integralmente com a coleta de dados conforme a Lei e com a Pol\u00edtica de Privacidade da DI.<\/p>\n\n\n\n<h3 class=\"wp-block-heading\" id=\"h-5-da-licenca-de-uso-e-copia\"><strong>5.&nbsp;DA LICEN\u00c7A DE USO E C\u00d3PIA<\/strong><\/h3>\n\n\n\n<p>O visitante poder\u00e1 acessar todo o conte\u00fado do website, como artigos, v\u00eddeos, imagens, produtos e servi\u00e7os, n\u00e3o significando nenhum tipo de cess\u00e3o de direito ou permiss\u00e3o de uso, ou de c\u00f3pia dos mesmo.<\/p>\n\n\n\n<p>Todos os direitos s\u00e3o preservados, conforme a legisla\u00e7\u00e3o brasileira, principalmente na Lei de Direitos Autorais (regulamentada na&nbsp;<a href=\"http:\/\/www.planalto.gov.br\/ccivil_03\/leis\/l9610.htm\">Lei n\u00ba 9.610\/18<\/a>), assim como no C\u00f3digo Civil brasileiro (regulamentada na&nbsp;<a href=\"http:\/\/www.planalto.gov.br\/ccivil_03\/leis\/2002\/l10406compilada.htm\">Lei n\u00ba 10.406\/02<\/a>), ou quaisquer outras legisla\u00e7\u00f5es aplic\u00e1veis.<\/p>\n\n\n\n<p><strong>Todo o conte\u00fado do site \u00e9 protegido por direitos autorais, e seu uso, c\u00f3pia, transmiss\u00e3o, venda, cess\u00e3o ou revenda, deve seguir a lei brasileira<\/strong>, tendo a DI todos os seus direitos reservados, e n\u00e3o permitindo a c\u00f3pia ou utiliza\u00e7\u00e3o de nenhuma forma e meio, sem autoriza\u00e7\u00e3o expressa e por escrita da mesma.<\/p>\n\n\n\n<p>A DI poder\u00e1 em casos concretos permitir pontualmente exce\u00e7\u00f5es a este direito, que ser\u00e3o claramente destacados no mesmo, com a forma e permiss\u00e3o de uso do conte\u00fado protegido. Este direito \u00e9 revog\u00e1vel e limitado as especifica\u00e7\u00f5es de cada caso.<\/p>\n\n\n\n<h3 class=\"wp-block-heading\" id=\"h-6-das-obrigacoes\">6.<strong>&nbsp;DAS OBRIGA\u00c7\u00d5ES<\/strong><\/h3>\n\n\n\n<p>O VISITANTE ao utilizar o website da DI, concorda integralmente em:<\/p>\n\n\n\n<ul class=\"wp-block-list\">\n<li>De nenhuma forma ou meio realizar qualquer tipo de a\u00e7\u00e3o que tente invadir, hacker, destruir ou prejudicar a estrutura do site, plataforma da DI ou de seus parceiros comerciais. Incluindo-se, mas n\u00e3o se limitando, ao envio de v\u00edrus de computador, de ataques de DDOS, de acesso indevido por falhas da mesma ou quaisquer outras forma e meio.<\/li>\n\n\n\n<li>De n\u00e3o realizar divulga\u00e7\u00e3o indevida nos coment\u00e1rios do site de conte\u00fado de SPAM, empresas concorrentes, v\u00edrus, conte\u00fado que n\u00e3o possua direitos autorais ou quaisquer outros que n\u00e3o seja pertinente a discuss\u00e3o daquele texto, v\u00eddeo ou imagem.<\/li>\n\n\n\n<li>Da proibi\u00e7\u00e3o em reproduzir qualquer conte\u00fado do site ou plataforma sem autoriza\u00e7\u00e3o expressa, podendo responder civil e criminalmente pelo mesmo.<\/li>\n\n\n\n<li>Com a Pol\u00edtica de Privacidade do site, assim como tratamos os dados referentes ao cadastro e visita no site, podendo a qualquer momento e forma, requerer a exclus\u00e3o dos mesmos, atrav\u00e9s do formul\u00e1rio de contato.<\/li>\n<\/ul>\n\n\n\n<h3 class=\"wp-block-heading\" id=\"h-7-da-monetizacao-e-publicidade\"><strong>7. DA MONETIZA\u00c7\u00c3O E PUBLICIDADE<\/strong><\/h3>\n\n\n\n<p>A DI pode alugar ou vender espa\u00e7os publicit\u00e1rios na plataforma, ou no site, diretamente aos anunciantes, ou atrav\u00e9s de empresas especializadas com o Adsense (<a href=\"https:\/\/www.google.com\/\">Google<\/a>) ou outras plataformas especializadas.<\/p>\n\n\n\n<p>Essas publicidades n\u00e3o significam nenhuma forma de endosso ou responsabilidade pelos mesmos, ficando o VISITANTE respons\u00e1vel pelas compras, visitas, acessos ou quaisquer a\u00e7\u00f5es referentes as estas empresas.<\/p>\n\n\n\n<p>Todas as propagandas no site ou plataforma ser\u00e3o claramente destacadas como publicidade, como forma de disclaimer da DI e de conhecimento do VISITANTE.<\/p>\n\n\n\n<p>Estes an\u00fancios podem ser selecionados pela empresa de publicidade automaticamente, conforme as visitas recentes do VISITANTE, assim como baseado no seu hist\u00f3rico de busca, conforme as pol\u00edticas de acesso da plataforma.<\/p>\n\n\n\n<h3 class=\"wp-block-heading\" id=\"h-8-dos-termos-gerais\">8.&nbsp;<strong>DOS TERMOS GERAIS<\/strong><\/h3>\n\n\n\n<p>O Site ir\u00e1 apresentar hiperlinks durante toda a sua navega\u00e7\u00e3o, que podem levar diretamente para outra p\u00e1gina da DI ou para sites externos.<\/p>\n\n\n\n<p>Apesar da DI apenas criar links para sites externos de extrema confian\u00e7a, caso o usu\u00e1rio acesse um site externo, a DI n\u00e3o tem nenhuma responsabilidade pelo meio, sendo uma mera indica\u00e7\u00e3o de complementa\u00e7\u00e3o de conte\u00fado, ficando o mesmo respons\u00e1vel pelo acesso, assim como sobre quaisquer a\u00e7\u00f5es que venham a realizar neste site.<\/p>\n\n\n\n<p>Em caso que ocorra eventuais conflitos judiciais entre o VISITANTE e a DI, o foro elegido para a devida a\u00e7\u00e3o ser\u00e1 o da comarca da DI, mesmo que haja outro mais privilegiado.<\/p>\n\n\n\n<p>Este Termo de uso \u00e9 valido a partir de 02 de abril de 2023.<\/p>\n","protected":false},"excerpt":{"rendered":"<p>Seja bem-vindo ao nosso site. Leia com aten\u00e7\u00e3o todos os termos abaixo. Este documento, e todo o conte\u00fado do site \u00e9 oferecido por\u00a0Desejos Intensos, neste termo representado apenas por \u201cDI\u201d, que regulamenta todos os direitos e obriga\u00e7\u00f5es com todos que acessam o site, denominado neste termo como \u201cVISITANTE\u201d, resguardado todos os direitos previstos na legisla\u00e7\u00e3o,&#8230;<\/p>\n<p class=\"more-link-wrap\"><a href=\"https:\/\/desejosintensos.com\/index.php\/termos-e-condicoes\/\" class=\"more-link\">Read More<span class=\"screen-reader-text\"> &ldquo;Termos e Condi\u00e7\u00f5es&rdquo;<\/span> &raquo;<\/a><\/p>\n","protected":false},"author":5,"featured_media":0,"parent":0,"menu_order":0,"comment_status":"closed","ping_status":"closed","template":"","meta":{"footnotes":""},"class_list":["post-365","page","type-page","status-publish","hentry"],"yoast_head":"<!-- This site is optimized with the Yoast SEO plugin v27.3 - https:\/\/yoast.com\/product\/yoast-seo-wordpress\/ -->\n<title>Termos e Condi\u00e7\u00f5es - Desejos Intensos<\/title>\n<meta name=\"description\" content=\"Este documento, e todo o conte\u00fado do site \u00e9 oferecido por\u00a0Desejos Intensos que regulamenta todos os direitos e obriga\u00e7\u00f5es com todos que acessam o site\" \/>\n<meta name=\"robots\" content=\"index, follow, max-snippet:-1, max-image-preview:large, max-video-preview:-1\" \/>\n<link rel=\"canonical\" href=\"https:\/\/desejosintensos.com\/index.php\/termos-e-condicoes\/\" \/>\n<meta property=\"og:locale\" content=\"pt_BR\" \/>\n<meta property=\"og:type\" content=\"article\" \/>\n<meta property=\"og:title\" content=\"Termos e Condi\u00e7\u00f5es - Desejos Intensos\" \/>\n<meta property=\"og:description\" content=\"Este documento, e todo o conte\u00fado do site \u00e9 oferecido por\u00a0Desejos Intensos que regulamenta todos os direitos e obriga\u00e7\u00f5es com todos que acessam o site\" \/>\n<meta property=\"og:url\" content=\"https:\/\/desejosintensos.com\/index.php\/termos-e-condicoes\/\" \/>\n<meta property=\"og:site_name\" content=\"Desejos Intensos\" \/>\n<meta property=\"article:publisher\" content=\"https:\/\/facebook.com\/desejosintensoscom\" \/>\n<meta property=\"article:modified_time\" content=\"2023-04-02T20:48:33+00:00\" \/>\n<meta property=\"og:image\" content=\"https:\/\/desejosintensos.com\/wp-content\/uploads\/2023\/01\/cropped-logo-xlarge2-1.png\" \/>\n\t<meta property=\"og:image:width\" content=\"2000\" \/>\n\t<meta property=\"og:image:height\" content=\"423\" \/>\n\t<meta property=\"og:image:type\" content=\"image\/png\" \/>\n<meta name=\"twitter:card\" content=\"summary_large_image\" \/>\n<meta name=\"twitter:site\" content=\"@desejosintensos\" \/>\n<meta name=\"twitter:label1\" content=\"Est. tempo de leitura\" \/>\n\t<meta name=\"twitter:data1\" content=\"8 minutos\" \/>\n<script type=\"application\/ld+json\" class=\"yoast-schema-graph\">{\"@context\":\"https:\\\/\\\/schema.org\",\"@graph\":[{\"@type\":\"WebPage\",\"@id\":\"https:\\\/\\\/desejosintensos.com\\\/index.php\\\/termos-e-condicoes\\\/\",\"url\":\"https:\\\/\\\/desejosintensos.com\\\/index.php\\\/termos-e-condicoes\\\/\",\"name\":\"Termos e Condi\u00e7\u00f5es - Desejos Intensos\",\"isPartOf\":{\"@id\":\"https:\\\/\\\/desejosintensos.com\\\/#website\"},\"datePublished\":\"2023-04-02T20:48:32+00:00\",\"dateModified\":\"2023-04-02T20:48:33+00:00\",\"description\":\"Este documento, e todo o conte\u00fado do site \u00e9 oferecido por\u00a0Desejos Intensos que regulamenta todos os direitos e obriga\u00e7\u00f5es com todos que acessam o site\",\"breadcrumb\":{\"@id\":\"https:\\\/\\\/desejosintensos.com\\\/index.php\\\/termos-e-condicoes\\\/#breadcrumb\"},\"inLanguage\":\"pt-BR\",\"potentialAction\":[{\"@type\":\"ReadAction\",\"target\":[\"https:\\\/\\\/desejosintensos.com\\\/index.php\\\/termos-e-condicoes\\\/\"]}]},{\"@type\":\"BreadcrumbList\",\"@id\":\"https:\\\/\\\/desejosintensos.com\\\/index.php\\\/termos-e-condicoes\\\/#breadcrumb\",\"itemListElement\":[{\"@type\":\"ListItem\",\"position\":1,\"name\":\"In\u00edcio\",\"item\":\"https:\\\/\\\/desejosintensos.com\\\/\"},{\"@type\":\"ListItem\",\"position\":2,\"name\":\"Termos e Condi\u00e7\u00f5es\"}]},{\"@type\":\"WebSite\",\"@id\":\"https:\\\/\\\/desejosintensos.com\\\/#website\",\"url\":\"https:\\\/\\\/desejosintensos.com\\\/\",\"name\":\"Desejos Intensos\",\"description\":\"Hist\u00f3rias er\u00f3ticas para momentos deliciosos\",\"publisher\":{\"@id\":\"https:\\\/\\\/desejosintensos.com\\\/#organization\"},\"potentialAction\":[{\"@type\":\"SearchAction\",\"target\":{\"@type\":\"EntryPoint\",\"urlTemplate\":\"https:\\\/\\\/desejosintensos.com\\\/?s={search_term_string}\"},\"query-input\":{\"@type\":\"PropertyValueSpecification\",\"valueRequired\":true,\"valueName\":\"search_term_string\"}}],\"inLanguage\":\"pt-BR\"},{\"@type\":\"Organization\",\"@id\":\"https:\\\/\\\/desejosintensos.com\\\/#organization\",\"name\":\"Desejos Intensos\",\"url\":\"https:\\\/\\\/desejosintensos.com\\\/\",\"logo\":{\"@type\":\"ImageObject\",\"inLanguage\":\"pt-BR\",\"@id\":\"https:\\\/\\\/desejosintensos.com\\\/#\\\/schema\\\/logo\\\/image\\\/\",\"url\":\"https:\\\/\\\/desejosintensos.com\\\/wp-content\\\/uploads\\\/2023\\\/01\\\/cropped-logo-Fire-1.png\",\"contentUrl\":\"https:\\\/\\\/desejosintensos.com\\\/wp-content\\\/uploads\\\/2023\\\/01\\\/cropped-logo-Fire-1.png\",\"width\":512,\"height\":512,\"caption\":\"Desejos Intensos\"},\"image\":{\"@id\":\"https:\\\/\\\/desejosintensos.com\\\/#\\\/schema\\\/logo\\\/image\\\/\"},\"sameAs\":[\"https:\\\/\\\/facebook.com\\\/desejosintensoscom\",\"https:\\\/\\\/x.com\\\/desejosintensos\",\"https:\\\/\\\/instagram.com\\\/desejosintensoscom\"]}]}<\/script>\n<!-- \/ Yoast SEO plugin. -->","yoast_head_json":{"title":"Termos e Condi\u00e7\u00f5es - Desejos Intensos","description":"Este documento, e todo o conte\u00fado do site \u00e9 oferecido por\u00a0Desejos Intensos que regulamenta todos os direitos e obriga\u00e7\u00f5es com todos que acessam o site","robots":{"index":"index","follow":"follow","max-snippet":"max-snippet:-1","max-image-preview":"max-image-preview:large","max-video-preview":"max-video-preview:-1"},"canonical":"https:\/\/desejosintensos.com\/index.php\/termos-e-condicoes\/","og_locale":"pt_BR","og_type":"article","og_title":"Termos e Condi\u00e7\u00f5es - Desejos Intensos","og_description":"Este documento, e todo o conte\u00fado do site \u00e9 oferecido por\u00a0Desejos Intensos que regulamenta todos os direitos e obriga\u00e7\u00f5es com todos que acessam o site","og_url":"https:\/\/desejosintensos.com\/index.php\/termos-e-condicoes\/","og_site_name":"Desejos Intensos","article_publisher":"https:\/\/facebook.com\/desejosintensoscom","article_modified_time":"2023-04-02T20:48:33+00:00","og_image":[{"width":2000,"height":423,"url":"https:\/\/desejosintensos.com\/wp-content\/uploads\/2023\/01\/cropped-logo-xlarge2-1.png","type":"image\/png"}],"twitter_card":"summary_large_image","twitter_site":"@desejosintensos","twitter_misc":{"Est. tempo de leitura":"8 minutos"},"schema":{"@context":"https:\/\/schema.org","@graph":[{"@type":"WebPage","@id":"https:\/\/desejosintensos.com\/index.php\/termos-e-condicoes\/","url":"https:\/\/desejosintensos.com\/index.php\/termos-e-condicoes\/","name":"Termos e Condi\u00e7\u00f5es - Desejos Intensos","isPartOf":{"@id":"https:\/\/desejosintensos.com\/#website"},"datePublished":"2023-04-02T20:48:32+00:00","dateModified":"2023-04-02T20:48:33+00:00","description":"Este documento, e todo o conte\u00fado do site \u00e9 oferecido por\u00a0Desejos Intensos que regulamenta todos os direitos e obriga\u00e7\u00f5es com todos que acessam o site","breadcrumb":{"@id":"https:\/\/desejosintensos.com\/index.php\/termos-e-condicoes\/#breadcrumb"},"inLanguage":"pt-BR","potentialAction":[{"@type":"ReadAction","target":["https:\/\/desejosintensos.com\/index.php\/termos-e-condicoes\/"]}]},{"@type":"BreadcrumbList","@id":"https:\/\/desejosintensos.com\/index.php\/termos-e-condicoes\/#breadcrumb","itemListElement":[{"@type":"ListItem","position":1,"name":"In\u00edcio","item":"https:\/\/desejosintensos.com\/"},{"@type":"ListItem","position":2,"name":"Termos e Condi\u00e7\u00f5es"}]},{"@type":"WebSite","@id":"https:\/\/desejosintensos.com\/#website","url":"https:\/\/desejosintensos.com\/","name":"Desejos Intensos","description":"Hist\u00f3rias er\u00f3ticas para momentos deliciosos","publisher":{"@id":"https:\/\/desejosintensos.com\/#organization"},"potentialAction":[{"@type":"SearchAction","target":{"@type":"EntryPoint","urlTemplate":"https:\/\/desejosintensos.com\/?s={search_term_string}"},"query-input":{"@type":"PropertyValueSpecification","valueRequired":true,"valueName":"search_term_string"}}],"inLanguage":"pt-BR"},{"@type":"Organization","@id":"https:\/\/desejosintensos.com\/#organization","name":"Desejos Intensos","url":"https:\/\/desejosintensos.com\/","logo":{"@type":"ImageObject","inLanguage":"pt-BR","@id":"https:\/\/desejosintensos.com\/#\/schema\/logo\/image\/","url":"https:\/\/desejosintensos.com\/wp-content\/uploads\/2023\/01\/cropped-logo-Fire-1.png","contentUrl":"https:\/\/desejosintensos.com\/wp-content\/uploads\/2023\/01\/cropped-logo-Fire-1.png","width":512,"height":512,"caption":"Desejos Intensos"},"image":{"@id":"https:\/\/desejosintensos.com\/#\/schema\/logo\/image\/"},"sameAs":["https:\/\/facebook.com\/desejosintensoscom","https:\/\/x.com\/desejosintensos","https:\/\/instagram.com\/desejosintensoscom"]}]}},"_hostinger_reach_plugin_has_subscription_block":false,"_hostinger_reach_plugin_is_elementor":false,"_links":{"self":[{"href":"https:\/\/desejosintensos.com\/index.php\/wp-json\/wp\/v2\/pages\/365","targetHints":{"allow":["GET"]}}],"collection":[{"href":"https:\/\/desejosintensos.com\/index.php\/wp-json\/wp\/v2\/pages"}],"about":[{"href":"https:\/\/desejosintensos.com\/index.php\/wp-json\/wp\/v2\/types\/page"}],"author":[{"embeddable":true,"href":"https:\/\/desejosintensos.com\/index.php\/wp-json\/wp\/v2\/users\/5"}],"replies":[{"embeddable":true,"href":"https:\/\/desejosintensos.com\/index.php\/wp-json\/wp\/v2\/comments?post=365"}],"version-history":[{"count":1,"href":"https:\/\/desejosintensos.com\/index.php\/wp-json\/wp\/v2\/pages\/365\/revisions"}],"predecessor-version":[{"id":367,"href":"https:\/\/desejosintensos.com\/index.php\/wp-json\/wp\/v2\/pages\/365\/revisions\/367"}],"wp:attachment":[{"href":"https:\/\/desejosintensos.com\/index.php\/wp-json\/wp\/v2\/media?parent=365"}],"curies":[{"name":"wp","href":"https:\/\/api.w.org\/{rel}","templated":true}]}}